{"id":94,"date":"2022-01-01T22:38:12","date_gmt":"2022-01-01T21:38:12","guid":{"rendered":"https:\/\/richard-brauer.de\/?page_id=94"},"modified":"2022-01-06T00:48:20","modified_gmt":"2022-01-05T23:48:20","slug":"abschied","status":"publish","type":"page","link":"https:\/\/richard-brauer.de\/?page_id=94","title":{"rendered":"Abschied"},"content":{"rendered":"\n<div class=\"wp-block-columns alignwide is-layout-flex wp-container-core-columns-is-layout-9d6595d7 wp-block-columns-is-layout-flex\">\n<div class=\"wp-block-column is-layout-flow wp-block-column-is-layout-flow\" style=\"flex-basis:100%\">\n<div class=\"wp-block-columns is-layout-flex wp-container-core-columns-is-layout-9d6595d7 wp-block-columns-is-layout-flex\">\n<div class=\"wp-block-column is-layout-flow wp-block-column-is-layout-flow\" style=\"flex-basis:100%\">\n<div class=\"wp-block-columns is-layout-flex wp-container-core-columns-is-layout-9d6595d7 wp-block-columns-is-layout-flex\">\n<div class=\"wp-block-column is-layout-flow wp-block-column-is-layout-flow\">\n<figure class=\"wp-block-audio\"><audio controls src=\"https:\/\/richard-brauer.de\/wp-content\/uploads\/2022\/01\/Improvisation Christoph Reuter 09_07_2019.mp3\"><\/audio><figcaption>Diese Melodie&#8230;<br>..wurde als Improvisation von dem Pianisten Christoph Reuter, der Dr. Eckart von Hirschhausen auf seiner Tour begleitet, w\u00e4hrend eines Auftritts am 9.7.2019 auf Sylt f\u00fcr Richard gespielt.<\/figcaption><\/figure>\n<\/div>\n\n\n\n<div class=\"wp-block-column is-layout-flow wp-block-column-is-layout-flow\">\n<figure class=\"wp-block-audio\"><audio controls src=\"https:\/\/richard-brauer.de\/wp-content\/uploads\/2022\/01\/2016-03-24-WA0001 Richard.mp3\"><\/audio><figcaption>Seine letzte Sprachmemo<br>vom 24.3.2016 in Eisenberg<\/figcaption><\/figure>\n<\/div>\n<\/div>\n<\/div>\n<\/div>\n<\/div>\n<\/div>\n\n\n\n<hr class=\"wp-block-separator\"\/>\n\n\n\n<div class=\"wp-block-columns alignwide is-layout-flex wp-container-core-columns-is-layout-9d6595d7 wp-block-columns-is-layout-flex\">\n<div class=\"wp-block-column is-layout-flow wp-block-column-is-layout-flow\">\n<figure class=\"wp-block-image size-full\"><img loading=\"lazy\" decoding=\"async\" width=\"3264\" height=\"2448\" src=\"https:\/\/richard-brauer.de\/wp-content\/uploads\/2022\/01\/img_2369.jpg\" alt=\"\" class=\"wp-image-248\"\/><figcaption>Der Kondolenztisch in der RHS.<\/figcaption><\/figure>\n<\/div>\n\n\n\n<div class=\"wp-block-column is-layout-flow wp-block-column-is-layout-flow\">\n<figure class=\"wp-block-video\"><video controls src=\"https:\/\/richard-brauer.de\/wp-content\/uploads\/2022\/01\/picarddatadeath.mp4\"><\/video><figcaption>Ausschnitt aus der Serie Picard<\/figcaption><\/figure>\n<\/div>\n<\/div>\n\n\n\n<hr class=\"wp-block-separator\"\/>\n\n\n\n<div class=\"wp-block-columns alignfull is-layout-flex wp-container-core-columns-is-layout-9d6595d7 wp-block-columns-is-layout-flex\">\n<div class=\"wp-block-column is-layout-flow wp-block-column-is-layout-flow\">\n<figure class=\"wp-block-image size-full\"><img loading=\"lazy\" decoding=\"async\" width=\"3000\" height=\"2000\" src=\"https:\/\/richard-brauer.de\/wp-content\/uploads\/2022\/01\/IMG_0261.JPG\" alt=\"\" class=\"wp-image-246\"\/><figcaption>Der Trauersaal zur Abschiedsfeier<\/figcaption><\/figure>\n\n\n\n<figure class=\"wp-block-audio\"><audio controls src=\"https:\/\/richard-brauer.de\/wp-content\/uploads\/2022\/01\/MarcUweKling-SeiFrohDassDuDuBist-NgLso7a72mo.webm\"><\/audio><figcaption>Ein Lied von <a href=\"https:\/\/de.wikipedia.org\/wiki\/Marc-Uwe_Kling\" data-type=\"URL\" data-id=\"https:\/\/de.wikipedia.org\/wiki\/Marc-Uwe_Kling\" target=\"_blank\" rel=\"noreferrer noopener\">Marc-Uwe Kling<\/a><\/figcaption><\/figure>\n<\/div>\n\n\n\n<div class=\"wp-block-column is-layout-flow wp-block-column-is-layout-flow\">\n<p>Richard fand alles von Mark-Uwe Kling gut. Besonders \u00fcber die <a href=\"https:\/\/www.zdf.de\/filme\/filme-sonstige\/die-kaenguru-chroniken-102.html\" data-type=\"URL\" data-id=\"https:\/\/www.zdf.de\/filme\/filme-sonstige\/die-kaenguru-chroniken-102.html\" target=\"_blank\" rel=\"noreferrer noopener\">K\u00e4nguru-Chroniken<\/a> konnte er sich kaputt kichern. Aber auch die Lieder waren f\u00fcr ihn wichtig, teilweise ziemlich schwarzer Humor. Zum Beispiel hat er das Tabletten-Lied provokativ der Schwester vorgespielt.<br>Auch das Kartenspiel \u201eHalt mal kurz\u201c haben wir einmal in Italien gespielt. Sein letzter Wunsch, den er dem Verein \u201eKindertr\u00e4ume\u201c schreiben sollte, war ein Treffen mit Mark-Uwe Kling und &#8211; ein Fallschirmsprung ! Deshalb findet man \u00fcberall Hinweise auf das K\u00e4nguru, so wie auch w\u00e4hrend der Abschiedsfeier. Leider hat das Treffen nicht geklappt \u2013 keiner seiner W\u00fcnsche wurden erf\u00fcllt bzw. erst im Nachhinein.<br><br>Den Spruch &#8220;Intellekduell&#8221; (<a href=\"https:\/\/richard-brauer.de\/?attachment_id=57\" data-type=\"URL\" data-id=\"https:\/\/richard-brauer.de\/?attachment_id=57\" target=\"_blank\" rel=\"noreferrer noopener\">von dem Bild auf der ersten Seite<\/a>) wollte Richard auf einem T-Shirt haben. Und damit auch in die Schule gehen. Das zeigt irgendwie seine Ironie, die ihn auszeichnete. Genau wie als er seinen Tumor als Alienparatis bezeichnete o.\u00e4..<br>Leider hat es nicht geklappt, dass er das T-Shirt bekommen hat. Aus diesem Grund wird dies in dem <a href=\"https:\/\/richard-brauer.de\/?attachment_id=195\" data-type=\"URL\" data-id=\"https:\/\/richard-brauer.de\/?attachment_id=195\" target=\"_blank\" rel=\"noreferrer noopener\">Video<\/a> w\u00e4hrend der Abschiedsfeier gezeigt. Da konnten es alle G\u00e4ste sehen. Und auch der Redner hat es zitiert.<\/p>\n<\/div>\n\n\n\n<div class=\"wp-block-column is-layout-flow wp-block-column-is-layout-flow\">\n<figure class=\"wp-block-image size-full\"><img loading=\"lazy\" decoding=\"async\" width=\"3000\" height=\"2000\" src=\"https:\/\/richard-brauer.de\/wp-content\/uploads\/2022\/01\/IMG_0296.JPG\" alt=\"\" class=\"wp-image-247\"\/><figcaption>Das Grab nach der Beerdigung<\/figcaption><\/figure>\n<\/div>\n<\/div>\n\n\n\n<hr class=\"wp-block-separator\"\/>\n\n\n\n<div class=\"wp-block-columns alignfull is-layout-flex wp-container-core-columns-is-layout-9d6595d7 wp-block-columns-is-layout-flex\">\n<div class=\"wp-block-column is-layout-flow wp-block-column-is-layout-flow\">\n<figure class=\"wp-block-image size-full\"><img loading=\"lazy\" decoding=\"async\" width=\"2248\" height=\"4000\" src=\"https:\/\/richard-brauer.de\/wp-content\/uploads\/2022\/01\/2017-10-20-3470.jpg\" alt=\"\" class=\"wp-image-232\"\/><\/figure>\n<\/div>\n\n\n\n<div class=\"wp-block-column is-layout-flow wp-block-column-is-layout-flow\">\n<p>Die Abschiedsfeier fand in der Trauerhalle des kommunalen Friedhofs Markkleeberg am 20.10.2016 11:00 Uhr statt.<br>Es kamen unglaublich viele Leute, neben den Verwandten und Freunden, Klassenkameraden, Lehrer, \u00c4rzte u.v.a.<br>Zuvor haben meine Eltern nochmal von Richard Abschied genommen und den Sarg f\u00fcr immer verschlossen.<br>Er war dort die ganze Zeit seit der \u00dcberf\u00fchrung aus dem Krankenhaus in der K\u00fchlkammer. Oliver Dunker hat mir geholfen, den Sarg in das Grab herabzulassen. Der war mit Ziffern der Zahl Pi geschm\u00fcckt und dem Ph\u00f6nix, den er sich immer gew\u00fcnscht hat. Genau dieses Bild des Feuervogels, der aufsteigt aus dem Feuer und wiedergeboren wird, wollte er auch als T-Shirt-Aufdruck haben. Wir wissen nicht, was er dabei f\u00fcr einen Gedanken hatte. Letztendlich hat der Sohn vom Bestatter diesen auf den Sarg gemalt und ist nun auch bei ihm.<\/p>\n\n\n\n<p>Das Pi ist ein Symbol der Verbundenheit und der Unendlichkeit. Richard hatte mal gesagt, dass er die ersten 100 Ziffern lernen will. Er konnte bereits 30. Und dann war es eine M\u00f6glichkeit, die G\u00e4ste w\u00e4hrend der Abschiedsfeier die Ber\u00fchrung des Sarges zu erm\u00f6glichen, ohne Angst zu haben. Indem sie eine Ziffer der Zahl mittels Klettband anbringen. So ist es jetzt in die Erde gekommen und bei ihm.<\/p>\n\n\n\n<p>Genau ein Jahr sp\u00e4ter wurde ein Baum im AGRA-Park gepflanzt. Organisiert haben das Freunde von uns, Fam. Storm, es wurden viele Spenden gegeben. Den Standort haben wir uns vorher ausgesucht. Er ist genau in der Sichtachse des Bildes \u201eLichterfest\u201c (<a href=\"https:\/\/richard-brauer.de\/?attachment_id=250\" data-type=\"URL\" data-id=\"https:\/\/richard-brauer.de\/?attachment_id=250\" target=\"_blank\" rel=\"noreferrer noopener\">auf der ersten Seite<\/a>), welches Richard gemalt hat.<\/p>\n\n\n\n<p>Der Spruch auf der Tafel hat seinen Ursprung darin, dass mein Vater w\u00e4hrend der \u00dcberlegung, was darauf stehen soll, beim Autofahren ein Lied von Eric Clapton (Tears in heaven) h\u00f6rte. Dann sagte der Moderator, er schrieb das Lied, nachdem sein Sohn gestorben war\u2026<\/p>\n<\/div>\n\n\n\n<div class=\"wp-block-column is-layout-flow wp-block-column-is-layout-flow\">\n<figure class=\"wp-block-embed is-type-rich is-provider-spotify wp-block-embed-spotify wp-embed-aspect-21-9 wp-has-aspect-ratio\"><div class=\"wp-block-embed__wrapper\">\n<iframe title=\"Spotify Embed: Tears in Heaven\" style=\"border-radius: 12px\" width=\"100%\" height=\"152\" frameborder=\"0\" allowfullscreen allow=\"autoplay; clipboard-write; encrypted-media; fullscreen; picture-in-picture\" loading=\"lazy\" src=\"https:\/\/open.spotify.com\/embed\/track\/7utRJ4BeYx85khzP3lKoBX?utm_source=oembed\"><\/iframe>\n<\/div><figcaption>Lied welches bei der Baumpflanzung gespielt wurde<\/figcaption><\/figure>\n<\/div>\n<\/div>\n\n\n\n<figure class=\"wp-block-image size-full is-resized\"><img loading=\"lazy\" decoding=\"async\" src=\"https:\/\/richard-brauer.de\/wp-content\/uploads\/2022\/01\/2017-10-20-3470.jpg\" alt=\"\" class=\"wp-image-232\" width=\"610\" height=\"1085\"\/><figcaption>Gedenkbaum in der Agra mit <a href=\"https:\/\/richard-brauer.de\/?attachment_id=250\" data-type=\"URL\" data-id=\"https:\/\/richard-brauer.de\/?attachment_id=250\" target=\"_blank\" rel=\"noreferrer noopener\">Richards Bild<\/a> im Vordergrund<\/figcaption><\/figure>\n\n\n\n<hr class=\"wp-block-separator\"\/>\n\n\n\n<div class=\"wp-block-columns alignwide is-layout-flex wp-container-core-columns-is-layout-9d6595d7 wp-block-columns-is-layout-flex\">\n<div class=\"wp-block-column is-layout-flow wp-block-column-is-layout-flow\" style=\"flex-basis:33.34%\">\n<figure class=\"wp-block-image size-full\"><img loading=\"lazy\" decoding=\"async\" width=\"1512\" height=\"2016\" src=\"https:\/\/richard-brauer.de\/wp-content\/uploads\/2022\/01\/20181222_162120.jpg\" alt=\"\" class=\"wp-image-143\"\/><\/figure>\n<\/div>\n\n\n\n<div class=\"wp-block-column is-layout-flow wp-block-column-is-layout-flow\" style=\"flex-basis:33.34%\">\n<figure class=\"wp-block-image size-full\"><img loading=\"lazy\" decoding=\"async\" width=\"1512\" height=\"2016\" src=\"https:\/\/richard-brauer.de\/wp-content\/uploads\/2022\/01\/20190101_000203.jpg\" alt=\"\" class=\"wp-image-233\"\/><\/figure>\n<\/div>\n\n\n\n<div class=\"wp-block-column is-layout-flow wp-block-column-is-layout-flow\" style=\"flex-basis:33.33%\">\n<figure class=\"wp-block-image size-full\"><img loading=\"lazy\" decoding=\"async\" width=\"1512\" height=\"2016\" src=\"https:\/\/richard-brauer.de\/wp-content\/uploads\/2022\/01\/20191223_162151.jpg\" alt=\"\" class=\"wp-image-234\"\/><\/figure>\n<\/div>\n<\/div>\n\n\n\n<figure class=\"wp-block-image alignwide size-full\"><img loading=\"lazy\" decoding=\"async\" width=\"2304\" height=\"1092\" src=\"https:\/\/richard-brauer.de\/wp-content\/uploads\/2022\/01\/20191224_155118.jpg\" alt=\"\" class=\"wp-image-235\"\/><\/figure>\n\n\n\n<figure class=\"wp-block-image alignwide size-large\"><img loading=\"lazy\" decoding=\"async\" width=\"1024\" height=\"485\" src=\"https:\/\/richard-brauer.de\/wp-content\/uploads\/2022\/01\/20191224_174048-1024x485.jpg\" alt=\"\" class=\"wp-image-328\" srcset=\"https:\/\/richard-brauer.de\/wp-content\/uploads\/2022\/01\/20191224_174048-1024x485.jpg 1024w, https:\/\/richard-brauer.de\/wp-content\/uploads\/2022\/01\/20191224_174048-300x142.jpg 300w, https:\/\/richard-brauer.de\/wp-content\/uploads\/2022\/01\/20191224_174048-768x363.jpg 768w, https:\/\/richard-brauer.de\/wp-content\/uploads\/2022\/01\/20191224_174048-1536x727.jpg 1536w, https:\/\/richard-brauer.de\/wp-content\/uploads\/2022\/01\/20191224_174048-1200x568.jpg 1200w, https:\/\/richard-brauer.de\/wp-content\/uploads\/2022\/01\/20191224_174048-1980x937.jpg 1980w, https:\/\/richard-brauer.de\/wp-content\/uploads\/2022\/01\/20191224_174048.jpg 2016w\" sizes=\"auto, (max-width: 1024px) 100vw, 1024px\" \/><\/figure>\n\n\n\n<p>Seine letzte Ruhest\u00e4tte ist ein Ort mit vielen Symbolen. Davon kann sich jeder selbst ein Bild machen. Wir erkl\u00e4ren es gerne bei einem Besuch. Keine Ahnung, ob er es <a href=\"https:\/\/richard-brauer.de\/?p=368\" data-type=\"URL\" data-id=\"https:\/\/richard-brauer.de\/?p=368\" target=\"_blank\" rel=\"noreferrer noopener\">gut<\/a> finden w\u00fcrde \u2013 aber er w\u00fcrde wohl wie immer mit den Schultern zucken.<\/p>\n","protected":false},"excerpt":{"rendered":"<p>Richard fand alles von Mark-Uwe Kling gut. Besonders \u00fcber die K\u00e4nguru-Chroniken konnte er sich kaputt kichern. Aber auch die Lieder waren f\u00fcr ihn wichtig, teilweise ziemlich schwarzer Humor. Zum Beispiel hat er das Tabletten-Lied provokativ der Schwester vorgespielt.Auch das Kartenspiel \u201eHalt mal kurz\u201c haben wir einmal in Italien gespielt. Sein letzter Wunsch, den er dem [&hellip;]<\/p>\n","protected":false},"author":1,"featured_media":0,"parent":0,"menu_order":0,"comment_status":"closed","ping_status":"closed","template":"","meta":{"footnotes":""},"class_list":["post-94","page","type-page","status-publish","hentry"],"_links":{"self":[{"href":"https:\/\/richard-brauer.de\/index.php?rest_route=\/wp\/v2\/pages\/94","targetHints":{"allow":["GET"]}}],"collection":[{"href":"https:\/\/richard-brauer.de\/index.php?rest_route=\/wp\/v2\/pages"}],"about":[{"href":"https:\/\/richard-brauer.de\/index.php?rest_route=\/wp\/v2\/types\/page"}],"author":[{"embeddable":true,"href":"https:\/\/richard-brauer.de\/index.php?rest_route=\/wp\/v2\/users\/1"}],"replies":[{"embeddable":true,"href":"https:\/\/richard-brauer.de\/index.php?rest_route=%2Fwp%2Fv2%2Fcomments&post=94"}],"version-history":[{"count":25,"href":"https:\/\/richard-brauer.de\/index.php?rest_route=\/wp\/v2\/pages\/94\/revisions"}],"predecessor-version":[{"id":397,"href":"https:\/\/richard-brauer.de\/index.php?rest_route=\/wp\/v2\/pages\/94\/revisions\/397"}],"wp:attachment":[{"href":"https:\/\/richard-brauer.de\/index.php?rest_route=%2Fwp%2Fv2%2Fmedia&parent=94"}],"curies":[{"name":"wp","href":"https:\/\/api.w.org\/{rel}","templated":true}]}}