{"id":96,"date":"2022-01-01T22:38:12","date_gmt":"2022-01-01T21:38:12","guid":{"rendered":"https:\/\/richard-brauer.de\/?page_id=96"},"modified":"2022-01-05T23:42:12","modified_gmt":"2022-01-05T22:42:12","slug":"begriffserklaerung","status":"publish","type":"page","link":"https:\/\/richard-brauer.de\/?page_id=96","title":{"rendered":"Begriffserkl\u00e4rung"},"content":{"rendered":"\n<h2 class=\"wp-block-heading\" id=\"saa\">schwere aplastische An\u00e4mie<\/h2>\n\n\n\n<p>Bei einer Blutarmut (<a href=\"https:\/\/de.wikipedia.org\/wiki\/Aplastische_An%C3%A4mie\" target=\"_blank\" rel=\"noreferrer noopener\">Wikipedia<\/a>) versagt das Kochenmark, neue Blutzellen f\u00fcr den K\u00f6rper herzustellen. Dies \u00e4u\u00dfert sich darin, dass z.B. die Gerinnung nicht mehr funktioniert.<\/p>\n\n\n\n<hr class=\"wp-block-separator\"\/>\n\n\n\n<h2 class=\"wp-block-heading\" id=\"kmt\">Knochenmark Transplantation<\/h2>\n\n\n\n<p>Eine KMT (<a href=\"https:\/\/de.wikipedia.org\/wiki\/Stammzelltransplantation\" target=\"_blank\" rel=\"noreferrer noopener\">Wikipedia<\/a>) ist eine Verpflanzung der Stammzellen aus dem Inneren der Knochen eines Menschen zu dem eines Anderen. Dabei geht es vor Allem um die \u00dcbertragung des Teils des Erbgutes, der in der Lage ist, neues Blut zu bilden.<br>Richard durchlebte diese &#8211; f\u00fcr ihn lebensretttende Ma\u00dfnahme &#8211; am 11. Januar 2005, weswegen wir dieses Datum seitdem, als seinen 2. Geburtstag, feiern. Zuvor muss allerdings das eigene Knochenmark durch eine Chemotherapie abget\u00f6tet werden. In dieser Zeit ist der K\u00f6rper schutzlos.<\/p>\n\n\n\n<hr class=\"wp-block-separator\"\/>\n\n\n\n<h2 class=\"wp-block-heading\" id=\"pek\">Plattenepithelkarzinom<\/h2>\n\n\n\n<p>H\u00e4ufig ist das (<a href=\"https:\/\/de.wikipedia.org\/wiki\/Plattenepithelkarzinom\" target=\"_blank\" rel=\"noreferrer noopener\">Plattenepithelkarzinom<\/a>) oder \u00e4hnlich, wie das Mundh\u00f6hlenkarzinom, nicht unbedingt t\u00f6dlich. Aber in der Form, also gestreut (Krebs) ist die Wahrscheinlichkeit, diese Krankheit zu \u00fcberleben, extrem gering. Normalerweise betrifft dies aber auch nur \u00e4ltere Menschen, welche meist ihr Leben lang aktiv daran gearbeitet haben, sich etwas derartiges anzulegen.<\/p>\n\n\n\n<hr class=\"wp-block-separator\"\/>\n\n\n\n<h2 class=\"wp-block-heading\" id=\"gvh\">graft versus host \/ Spender-Organ gegen Empf\u00e4nger-K\u00f6rper<\/h2>\n\n\n\n<p>Diese Reaktion (<a href=\"https:\/\/de.wikipedia.org\/wiki\/Graft-versus-Host-Reaktion\" target=\"_blank\" rel=\"noreferrer noopener\">Graft-versus-Host-Reaktion<\/a>) wird durch aktive Antik\u00f6rper des Spenders verursacht, die dessen \u00fcberstandene Krankheiten gespeichert haben und tritt manchmal auf, wenn ein Organ transplantiert wurde. Dies ist dann aber immer mit starken Problemen verbunden und fast ausschlie\u00dflich t\u00f6dlich, wenn nichts dagegen unternommen wird.<br><br>H\u00e4ufig tritt auch die umgekehrte Reaktion auf (also der Wirt st\u00f6\u00dft das Transplantat ab). Daf\u00fcr wird vorgesorgt, indem man das Immunsystem durch Medikamente reduziert.<\/p>\n","protected":false},"excerpt":{"rendered":"<p>schwere aplastische An\u00e4mie Bei einer Blutarmut (Wikipedia) versagt das Kochenmark, neue Blutzellen f\u00fcr den K\u00f6rper herzustellen. Dies \u00e4u\u00dfert sich darin, dass z.B. die Gerinnung nicht mehr funktioniert. Knochenmark Transplantation Eine KMT (Wikipedia) ist eine Verpflanzung der Stammzellen aus dem Inneren der Knochen eines Menschen zu dem eines Anderen. Dabei geht es vor Allem um die [&hellip;]<\/p>\n","protected":false},"author":1,"featured_media":0,"parent":0,"menu_order":0,"comment_status":"closed","ping_status":"closed","template":"","meta":{"footnotes":""},"class_list":["post-96","page","type-page","status-publish","hentry"],"_links":{"self":[{"href":"https:\/\/richard-brauer.de\/index.php?rest_route=\/wp\/v2\/pages\/96","targetHints":{"allow":["GET"]}}],"collection":[{"href":"https:\/\/richard-brauer.de\/index.php?rest_route=\/wp\/v2\/pages"}],"about":[{"href":"https:\/\/richard-brauer.de\/index.php?rest_route=\/wp\/v2\/types\/page"}],"author":[{"embeddable":true,"href":"https:\/\/richard-brauer.de\/index.php?rest_route=\/wp\/v2\/users\/1"}],"replies":[{"embeddable":true,"href":"https:\/\/richard-brauer.de\/index.php?rest_route=%2Fwp%2Fv2%2Fcomments&post=96"}],"version-history":[{"count":4,"href":"https:\/\/richard-brauer.de\/index.php?rest_route=\/wp\/v2\/pages\/96\/revisions"}],"predecessor-version":[{"id":372,"href":"https:\/\/richard-brauer.de\/index.php?rest_route=\/wp\/v2\/pages\/96\/revisions\/372"}],"wp:attachment":[{"href":"https:\/\/richard-brauer.de\/index.php?rest_route=%2Fwp%2Fv2%2Fmedia&parent=96"}],"curies":[{"name":"wp","href":"https:\/\/api.w.org\/{rel}","templated":true}]}}